{"id":1179,"date":"2022-11-08T22:13:44","date_gmt":"2022-11-08T22:13:44","guid":{"rendered":"http:\/\/144.217.248.144\/?page_id=1179"},"modified":"2023-07-24T21:19:54","modified_gmt":"2023-07-24T21:19:54","slug":"acerca-de-nosotros","status":"publish","type":"page","link":"https:\/\/pldinternacional.com\/?page_id=1179","title":{"rendered":"Quienes Somos"},"content":{"rendered":"\t\t<div data-elementor-type=\"wp-page\" data-elementor-id=\"1179\" class=\"elementor elementor-1179\">\n\t\t\t\t\t\t<section class=\"elementor-section elementor-top-section elementor-element elementor-element-183f96c elementor-section-boxed elementor-section-height-default elementor-section-height-default\" data-id=\"183f96c\" data-element_type=\"section\">\n\t\t\t\t\t\t<div class=\"elementor-container elementor-column-gap-wider\">\n\t\t\t\t\t<div class=\"elementor-column elementor-col-100 elementor-top-column elementor-element elementor-element-c12facd\" data-id=\"c12facd\" data-element_type=\"column\">\n\t\t\t<div class=\"elementor-widget-wrap elementor-element-populated\">\n\t\t\t\t\t\t<section class=\"elementor-section elementor-inner-section elementor-element elementor-element-f83bfc3 elementor-section-boxed elementor-section-height-default elementor-section-height-default\" data-id=\"f83bfc3\" data-element_type=\"section\">\n\t\t\t\t\t\t<div class=\"elementor-container elementor-column-gap-default\">\n\t\t\t\t\t<div class=\"elementor-column elementor-col-50 elementor-inner-column elementor-element elementor-element-16496a0\" data-id=\"16496a0\" data-element_type=\"column\">\n\t\t\t<div class=\"elementor-widget-wrap elementor-element-populated\">\n\t\t\t\t\t\t<div class=\"elementor-element elementor-element-17056ff elementor-widget elementor-widget-heading\" data-id=\"17056ff\" data-element_type=\"widget\" data-widget_type=\"heading.default\">\n\t\t\t\t<div class=\"elementor-widget-container\">\n\t\t\t<style>\/*! elementor - v3.23.0 - 05-08-2024 *\/\n.elementor-heading-title{padding:0;margin:0;line-height:1}.elementor-widget-heading .elementor-heading-title[class*=elementor-size-]>a{color:inherit;font-size:inherit;line-height:inherit}.elementor-widget-heading .elementor-heading-title.elementor-size-small{font-size:15px}.elementor-widget-heading .elementor-heading-title.elementor-size-medium{font-size:19px}.elementor-widget-heading .elementor-heading-title.elementor-size-large{font-size:29px}.elementor-widget-heading .elementor-heading-title.elementor-size-xl{font-size:39px}.elementor-widget-heading .elementor-heading-title.elementor-size-xxl{font-size:59px}<\/style><h2 class=\"elementor-heading-title elementor-size-default\">PREVENCI\u00d3N DE LAVADO DE DINERO<\/h2>\t\t<\/div>\n\t\t\t\t<\/div>\n\t\t\t\t<div class=\"elementor-element elementor-element-db6e16c elementor-widget elementor-widget-image\" data-id=\"db6e16c\" data-element_type=\"widget\" data-widget_type=\"image.default\">\n\t\t\t\t<div class=\"elementor-widget-container\">\n\t\t\t<style>\/*! elementor - v3.23.0 - 05-08-2024 *\/\n.elementor-widget-image{text-align:center}.elementor-widget-image a{display:inline-block}.elementor-widget-image a img[src$=\".svg\"]{width:48px}.elementor-widget-image img{vertical-align:middle;display:inline-block}<\/style>\t\t\t\t\t\t\t\t\t\t<img fetchpriority=\"high\" decoding=\"async\" width=\"1920\" height=\"940\" src=\"https:\/\/pldinternacional.com\/wp-content\/uploads\/2022\/11\/dinero1920x940.jpg\" class=\"attachment-full size-full wp-image-1212\" alt=\"\" srcset=\"https:\/\/pldinternacional.com\/wp-content\/uploads\/2022\/11\/dinero1920x940.jpg 1920w, https:\/\/pldinternacional.com\/wp-content\/uploads\/2022\/11\/dinero1920x940-300x147.jpg 300w, https:\/\/pldinternacional.com\/wp-content\/uploads\/2022\/11\/dinero1920x940-768x376.jpg 768w, https:\/\/pldinternacional.com\/wp-content\/uploads\/2022\/11\/dinero1920x940-1536x752.jpg 1536w\" sizes=\"(max-width: 1920px) 100vw, 1920px\" \/>\t\t\t\t\t\t\t\t\t\t\t\t\t<\/div>\n\t\t\t\t<\/div>\n\t\t\t\t\t<\/div>\n\t\t<\/div>\n\t\t\t\t<div class=\"elementor-column elementor-col-50 elementor-inner-column elementor-element elementor-element-5aec31e\" data-id=\"5aec31e\" data-element_type=\"column\">\n\t\t\t<div class=\"elementor-widget-wrap elementor-element-populated\">\n\t\t\t\t\t\t<div class=\"elementor-element elementor-element-bda6da8 elementor-widget elementor-widget-heading\" data-id=\"bda6da8\" data-element_type=\"widget\" data-widget_type=\"heading.default\">\n\t\t\t\t<div class=\"elementor-widget-container\">\n\t\t\t<h2 class=\"elementor-heading-title elementor-size-default\">Nuestra Misi\u00f3n<\/h2>\t\t<\/div>\n\t\t\t\t<\/div>\n\t\t\t\t<div class=\"elementor-element elementor-element-672a28e elementor-widget elementor-widget-text-editor\" data-id=\"672a28e\" data-element_type=\"widget\" data-widget_type=\"text-editor.default\">\n\t\t\t\t<div class=\"elementor-widget-container\">\n\t\t\t<style>\/*! elementor - v3.23.0 - 05-08-2024 *\/\n.elementor-widget-text-editor.elementor-drop-cap-view-stacked .elementor-drop-cap{background-color:#69727d;color:#fff}.elementor-widget-text-editor.elementor-drop-cap-view-framed .elementor-drop-cap{color:#69727d;border:3px solid;background-color:transparent}.elementor-widget-text-editor:not(.elementor-drop-cap-view-default) .elementor-drop-cap{margin-top:8px}.elementor-widget-text-editor:not(.elementor-drop-cap-view-default) .elementor-drop-cap-letter{width:1em;height:1em}.elementor-widget-text-editor .elementor-drop-cap{float:left;text-align:center;line-height:1;font-size:50px}.elementor-widget-text-editor .elementor-drop-cap-letter{display:inline-block}<\/style>\t\t\t\t<p>En <strong>PLD &#8211; INTERNACIONAL<\/strong>, nuestra misi\u00f3n es ser l\u00edderes en la lucha contra el lavado de dinero y la financiaci\u00f3n del terrorismo, proporcionando servicios y soluciones integrales que contribuyan a la prevenci\u00f3n, detecci\u00f3n y mitigaci\u00f3n de actividades il\u00edcitas en el \u00e1mbito financiero y empresarial. Nuestro compromiso es proteger la integridad del sistema financiero y colaborar con nuestros clientes para salvaguardar su reputaci\u00f3n y garantizar el cumplimiento de las regulaciones y leyes anti-lavado de dinero en cada jurisdicci\u00f3n. A trav\u00e9s de nuestra experiencia, tecnolog\u00eda avanzada y enfoque orientado al cliente, aspiramos a construir un mundo m\u00e1s seguro y transparente, promoviendo la confianza en las relaciones comerciales y financieras a nivel nacional e internacional<\/p>\t\t\t\t\t\t<\/div>\n\t\t\t\t<\/div>\n\t\t\t\t\t<\/div>\n\t\t<\/div>\n\t\t\t\t\t<\/div>\n\t\t<\/section>\n\t\t\t\t<div class=\"elementor-element elementor-element-3014375 elementor-widget elementor-widget-spacer\" data-id=\"3014375\" data-element_type=\"widget\" data-widget_type=\"spacer.default\">\n\t\t\t\t<div class=\"elementor-widget-container\">\n\t\t\t<style>\/*! elementor - v3.23.0 - 05-08-2024 *\/\n.elementor-column .elementor-spacer-inner{height:var(--spacer-size)}.e-con{--container-widget-width:100%}.e-con-inner>.elementor-widget-spacer,.e-con>.elementor-widget-spacer{width:var(--container-widget-width,var(--spacer-size));--align-self:var(--container-widget-align-self,initial);--flex-shrink:0}.e-con-inner>.elementor-widget-spacer>.elementor-widget-container,.e-con>.elementor-widget-spacer>.elementor-widget-container{height:100%;width:100%}.e-con-inner>.elementor-widget-spacer>.elementor-widget-container>.elementor-spacer,.e-con>.elementor-widget-spacer>.elementor-widget-container>.elementor-spacer{height:100%}.e-con-inner>.elementor-widget-spacer>.elementor-widget-container>.elementor-spacer>.elementor-spacer-inner,.e-con>.elementor-widget-spacer>.elementor-widget-container>.elementor-spacer>.elementor-spacer-inner{height:var(--container-widget-height,var(--spacer-size))}.e-con-inner>.elementor-widget-spacer.elementor-widget-empty,.e-con>.elementor-widget-spacer.elementor-widget-empty{position:relative;min-height:22px;min-width:22px}.e-con-inner>.elementor-widget-spacer.elementor-widget-empty .elementor-widget-empty-icon,.e-con>.elementor-widget-spacer.elementor-widget-empty .elementor-widget-empty-icon{position:absolute;top:0;bottom:0;left:0;right:0;margin:auto;padding:0;width:22px;height:22px}<\/style>\t\t<div class=\"elementor-spacer\">\n\t\t\t<div class=\"elementor-spacer-inner\"><\/div>\n\t\t<\/div>\n\t\t\t\t<\/div>\n\t\t\t\t<\/div>\n\t\t\t\t<section class=\"elementor-section elementor-inner-section elementor-element elementor-element-e06d443 elementor-section-boxed elementor-section-height-default elementor-section-height-default\" data-id=\"e06d443\" data-element_type=\"section\">\n\t\t\t\t\t\t<div class=\"elementor-container elementor-column-gap-default\">\n\t\t\t\t\t<div class=\"elementor-column elementor-col-50 elementor-inner-column elementor-element elementor-element-f1d65a0\" data-id=\"f1d65a0\" data-element_type=\"column\">\n\t\t\t<div class=\"elementor-widget-wrap elementor-element-populated\">\n\t\t\t\t\t\t<div class=\"elementor-element elementor-element-4c38f2a elementor-widget elementor-widget-heading\" data-id=\"4c38f2a\" data-element_type=\"widget\" data-widget_type=\"heading.default\">\n\t\t\t\t<div class=\"elementor-widget-container\">\n\t\t\t<h2 class=\"elementor-heading-title elementor-size-default\">Nuestra Visi\u00f3n<\/h2>\t\t<\/div>\n\t\t\t\t<\/div>\n\t\t\t\t<div class=\"elementor-element elementor-element-bb78c9d elementor-widget__width-initial elementor-widget elementor-widget-text-editor\" data-id=\"bb78c9d\" data-element_type=\"widget\" data-widget_type=\"text-editor.default\">\n\t\t\t\t<div class=\"elementor-widget-container\">\n\t\t\t\t\t\t\t<p>En <strong>PLD &#8211; INTERNACIONAL<\/strong>, nuestra visi\u00f3n es ser reconocidos como la compa\u00f1\u00eda l\u00edder y de referencia en el campo de prevenci\u00f3n de lavado de dinero y financiaci\u00f3n del terrorismo a nivel mundial. Nos esforzamos por ser la elecci\u00f3n preferida&nbsp; de las&nbsp; empresas y entidades obligadas cuando busquen soluciones s\u00f3lidas y efectivas para mantenerse a salvo de las amenazas del lavado de dinero y la actividad criminal asociada. Aspiramos a marcar la diferencia en la lucha contra el crimen financiero, impulsando la adopci\u00f3n de mejores pr\u00e1cticas y estableciendo nuevos est\u00e1ndares en el sector. Nuestra visi\u00f3n es expandir nuestro alcance global, estableciendo alianzas estrat\u00e9gicas con expertos en el campo y desarrollando soluciones innovadoras que anticipen y se adelanten a las evoluciones del lavado de dinero. A trav\u00e9s de nuestro continuo crecimiento y excelencia en el servicio, buscamos ser una fuerza positiva en la sociedad, contribuyendo a la estabilidad econ\u00f3mica y promoviendo un mundo m\u00e1s \u00e9tico y seguro para las generaciones futuras<\/p>\t\t\t\t\t\t<\/div>\n\t\t\t\t<\/div>\n\t\t\t\t\t<\/div>\n\t\t<\/div>\n\t\t\t\t<div class=\"elementor-column elementor-col-50 elementor-inner-column elementor-element elementor-element-4d43204\" data-id=\"4d43204\" data-element_type=\"column\">\n\t\t\t<div class=\"elementor-widget-wrap elementor-element-populated\">\n\t\t\t\t\t\t<div class=\"elementor-element elementor-element-46dfbf1 elementor-widget elementor-widget-image\" data-id=\"46dfbf1\" data-element_type=\"widget\" data-widget_type=\"image.default\">\n\t\t\t\t<div class=\"elementor-widget-container\">\n\t\t\t\t\t\t\t\t\t\t\t\t\t<img decoding=\"async\" width=\"470\" height=\"313\" src=\"https:\/\/pldinternacional.com\/wp-content\/uploads\/2022\/11\/mujer_vestidorojo.jpg\" class=\"attachment-large size-large wp-image-1114\" alt=\"\" srcset=\"https:\/\/pldinternacional.com\/wp-content\/uploads\/2022\/11\/mujer_vestidorojo.jpg 470w, https:\/\/pldinternacional.com\/wp-content\/uploads\/2022\/11\/mujer_vestidorojo-300x200.jpg 300w\" sizes=\"(max-width: 470px) 100vw, 470px\" \/>\t\t\t\t\t\t\t\t\t\t\t\t\t<\/div>\n\t\t\t\t<\/div>\n\t\t\t\t\t<\/div>\n\t\t<\/div>\n\t\t\t\t\t<\/div>\n\t\t<\/section>\n\t\t\t\t\t<\/div>\n\t\t<\/div>\n\t\t\t\t\t<\/div>\n\t\t<\/section>\n\t\t\t\t<\/div>\n\t\t","protected":false},"excerpt":{"rendered":"<p>PREVENCI\u00d3N DE LAVADO DE DINERO Nuestra Misi\u00f3n En PLD &#8211; INTERNACIONAL, nuestra misi\u00f3n es ser l\u00edderes en la lucha contra el lavado de dinero y la financiaci\u00f3n del terrorismo, proporcionando servicios y soluciones integrales que contribuyan a la prevenci\u00f3n, detecci\u00f3n y mitigaci\u00f3n de actividades il\u00edcitas en el \u00e1mbito financiero y empresarial. Nuestro compromiso es proteger [&hellip;]<\/p>\n","protected":false},"author":1,"featured_media":0,"parent":0,"menu_order":0,"comment_status":"closed","ping_status":"closed","template":"","meta":{"zakra_sidebar_layout":"contained","zakra_remove_content_margin":false,"zakra_sidebar":"customizer","zakra_transparent_header":"customizer","zakra_logo":0,"zakra_main_header_style":"default","zakra_menu_item_color":"","zakra_menu_item_hover_color":"","zakra_menu_item_active_color":"","zakra_menu_active_style":"zakra_menu_active_style","zakra_page_header":true,"footnotes":""},"class_list":["post-1179","page","type-page","status-publish","hentry"],"_links":{"self":[{"href":"https:\/\/pldinternacional.com\/index.php?rest_route=\/wp\/v2\/pages\/1179"}],"collection":[{"href":"https:\/\/pldinternacional.com\/index.php?rest_route=\/wp\/v2\/pages"}],"about":[{"href":"https:\/\/pldinternacional.com\/index.php?rest_route=\/wp\/v2\/types\/page"}],"author":[{"embeddable":true,"href":"https:\/\/pldinternacional.com\/index.php?rest_route=\/wp\/v2\/users\/1"}],"replies":[{"embeddable":true,"href":"https:\/\/pldinternacional.com\/index.php?rest_route=%2Fwp%2Fv2%2Fcomments&post=1179"}],"version-history":[{"count":48,"href":"https:\/\/pldinternacional.com\/index.php?rest_route=\/wp\/v2\/pages\/1179\/revisions"}],"predecessor-version":[{"id":1593,"href":"https:\/\/pldinternacional.com\/index.php?rest_route=\/wp\/v2\/pages\/1179\/revisions\/1593"}],"wp:attachment":[{"href":"https:\/\/pldinternacional.com\/index.php?rest_route=%2Fwp%2Fv2%2Fmedia&parent=1179"}],"curies":[{"name":"wp","href":"https:\/\/api.w.org\/{rel}","templated":true}]}}